{"id":864,"date":"2022-11-22T14:07:30","date_gmt":"2022-11-22T14:07:30","guid":{"rendered":"https:\/\/casafloria.com\/?page_id=864"},"modified":"2022-11-24T21:28:33","modified_gmt":"2022-11-24T21:28:33","slug":"nosotros","status":"publish","type":"page","link":"https:\/\/casafloria.com\/?page_id=864&lang=es","title":{"rendered":"Nosotros"},"content":{"rendered":"\t\t<div data-elementor-type=\"wp-page\" data-elementor-id=\"864\" class=\"elementor elementor-864\" data-elementor-post-type=\"page\">\n\t\t\t\t\t\t<section class=\"elementor-section elementor-top-section elementor-element elementor-element-34363d0 elementor-section-height-min-height elementor-section-boxed elementor-section-height-default elementor-section-items-middle\" data-id=\"34363d0\" data-element_type=\"section\" data-e-type=\"section\" data-settings=\"{&quot;background_background&quot;:&quot;classic&quot;}\">\n\t\t\t\t\t\t\t<div class=\"elementor-background-overlay\"><\/div>\n\t\t\t\t\t\t\t<div class=\"elementor-container elementor-column-gap-default\">\n\t\t\t\t\t<div class=\"elementor-column elementor-col-100 elementor-top-column elementor-element elementor-element-a38234c\" data-id=\"a38234c\" data-element_type=\"column\" data-e-type=\"column\">\n\t\t\t<div class=\"elementor-widget-wrap elementor-element-populated\">\n\t\t\t\t\t\t<div class=\"elementor-element elementor-element-6a2253f elementor--h-position-center elementor--v-position-middle elementor-arrows-position-inside elementor-pagination-position-inside elementor-widget elementor-widget-slides\" data-id=\"6a2253f\" data-element_type=\"widget\" data-e-type=\"widget\" data-settings=\"{&quot;navigation&quot;:&quot;both&quot;,&quot;autoplay&quot;:&quot;yes&quot;,&quot;pause_on_hover&quot;:&quot;yes&quot;,&quot;pause_on_interaction&quot;:&quot;yes&quot;,&quot;autoplay_speed&quot;:5000,&quot;infinite&quot;:&quot;yes&quot;,&quot;transition&quot;:&quot;slide&quot;,&quot;transition_speed&quot;:500}\" data-widget_type=\"slides.default\">\n\t\t\t\t<div class=\"elementor-widget-container\">\n\t\t\t\t\t\t\t\t\t<div class=\"elementor-swiper\">\n\t\t\t\t\t<div class=\"elementor-slides-wrapper elementor-main-swiper swiper\" role=\"region\" aria-roledescription=\"carousel\" aria-label=\"Slides\" dir=\"ltr\" data-animation=\"fadeInUp\">\n\t\t\t\t<div class=\"swiper-wrapper elementor-slides\">\n\t\t\t\t\t\t\t\t\t\t<div class=\"elementor-repeater-item-ca71943 swiper-slide\" role=\"group\" aria-roledescription=\"slide\"><div class=\"swiper-slide-bg\" role=\"img\" aria-label=\"Andrea &amp; Fernando\"><\/div><div class=\"swiper-slide-inner\" ><div class=\"swiper-slide-contents\"><\/div><\/div><\/div>\t\t\t\t<\/div>\n\t\t\t\t\t\t\t<\/div>\n\t\t\t\t<\/div>\n\t\t\t\t\t\t\t\t<\/div>\n\t\t\t\t<\/div>\n\t\t\t\t\t<\/div>\n\t\t<\/div>\n\t\t\t\t\t<\/div>\n\t\t<\/section>\n\t\t\t\t<section class=\"elementor-section elementor-top-section elementor-element elementor-element-a90c7be elementor-section-content-middle elementor-section-boxed elementor-section-height-default elementor-section-height-default\" data-id=\"a90c7be\" data-element_type=\"section\" data-e-type=\"section\">\n\t\t\t\t\t\t<div class=\"elementor-container elementor-column-gap-no\">\n\t\t\t\t\t<div class=\"elementor-column elementor-col-100 elementor-top-column elementor-element elementor-element-720a7b4\" data-id=\"720a7b4\" data-element_type=\"column\" data-e-type=\"column\">\n\t\t\t<div class=\"elementor-widget-wrap elementor-element-populated\">\n\t\t\t\t\t\t<div class=\"elementor-element elementor-element-26323bf elementor-widget elementor-widget-heading\" data-id=\"26323bf\" data-element_type=\"widget\" data-e-type=\"widget\" data-widget_type=\"heading.default\">\n\t\t\t\t<div class=\"elementor-widget-container\">\n\t\t\t\t\t<h4 class=\"elementor-heading-title elementor-size-default\">Somos una empresa de dise\u00f1o dedicada a impartir entusiasmo, belleza y alegr\u00eda a trav\u00e9s de arreglos florales y regalos personalizados<\/h4>\t\t\t\t<\/div>\n\t\t\t\t<\/div>\n\t\t\t\t<div class=\"elementor-element elementor-element-af7b75f elementor-widget elementor-widget-text-editor\" data-id=\"af7b75f\" data-element_type=\"widget\" data-e-type=\"widget\" data-widget_type=\"text-editor.default\">\n\t\t\t\t<div class=\"elementor-widget-container\">\n\t\t\t\t\t\t\t\t\t<p><\/p>\n<p>Valoramos la autenticidad de cada uno de nuestros clientes. Nuestro desaf\u00edo es transformar sus personalidades y anhelos en experiencias tangibles.&nbsp;<\/p>\n<p>Somos un equipo confiable que valora la gesti\u00f3n y la log\u00edstica tanto como la est\u00e9tica. Nuestro personal ha trabajado en conjunto durante m\u00e1s de 15 a\u00f1os, desarrollando a lo largo de los a\u00f1os, su experiencia y sentido de compa\u00f1erismo. Desde el principio, nuestros clientes saben que el resultado final no solo ser\u00e1 hermoso sino que todo el proceso se llevar\u00e1 a cabo con esmero.&nbsp;<\/p>\n<p>Creemos firmemente en el poder de la creatividad y el esp\u00edritu empresarial para inspirar e impactar positivamente a todas las personas que nos rodean &#8211; desde nuestros clientes, sus invitados y quienes reciben los regalos &#8211; hasta nuestros floristas, proveedores, sus familias y, en consecuencia, toda nuestra comunidad.&nbsp;<\/p>\n<p>&#8220;Donde florecen las flores, hay esperanza&#8221; &#8211; Lady Bird Johnson<\/p>\t\t\t\t\t\t\t\t<\/div>\n\t\t\t\t<\/div>\n\t\t\t\t\t<\/div>\n\t\t<\/div>\n\t\t\t\t\t<\/div>\n\t\t<\/section>\n\t\t\t\t<\/div>\n\t\t","protected":false},"excerpt":{"rendered":"<p>Somos una empresa de dise\u00f1o dedicada a impartir entusiasmo, belleza y alegr\u00eda a trav\u00e9s de arreglos florales y regalos personalizados Valoramos la autenticidad de cada uno de nuestros clientes. Nuestro desaf\u00edo es transformar sus personalidades y anhelos en experiencias tangibles.&nbsp; Somos un equipo confiable que valora la gesti\u00f3n y la log\u00edstica tanto como la est\u00e9tica. [&hellip;]<\/p>\n","protected":false},"author":2,"featured_media":0,"parent":0,"menu_order":0,"comment_status":"closed","ping_status":"closed","template":"","meta":{"inline_featured_image":false,"footnotes":""},"class_list":{"0":"post-864","1":"page","2":"type-page","3":"status-publish","4":"hentry","5":"","6":"blog-left-layout","7":"blog-style-postblock","9":"blog-alt-odd"},"_links":{"self":[{"href":"https:\/\/casafloria.com\/index.php?rest_route=\/wp\/v2\/pages\/864","targetHints":{"allow":["GET"]}}],"collection":[{"href":"https:\/\/casafloria.com\/index.php?rest_route=\/wp\/v2\/pages"}],"about":[{"href":"https:\/\/casafloria.com\/index.php?rest_route=\/wp\/v2\/types\/page"}],"author":[{"embeddable":true,"href":"https:\/\/casafloria.com\/index.php?rest_route=\/wp\/v2\/users\/2"}],"replies":[{"embeddable":true,"href":"https:\/\/casafloria.com\/index.php?rest_route=%2Fwp%2Fv2%2Fcomments&post=864"}],"version-history":[{"count":16,"href":"https:\/\/casafloria.com\/index.php?rest_route=\/wp\/v2\/pages\/864\/revisions"}],"predecessor-version":[{"id":1094,"href":"https:\/\/casafloria.com\/index.php?rest_route=\/wp\/v2\/pages\/864\/revisions\/1094"}],"wp:attachment":[{"href":"https:\/\/casafloria.com\/index.php?rest_route=%2Fwp%2Fv2%2Fmedia&parent=864"}],"curies":[{"name":"wp","href":"https:\/\/api.w.org\/{rel}","templated":true}]}}