{"id":907,"date":"2022-11-22T15:33:03","date_gmt":"2022-11-22T15:33:03","guid":{"rendered":"https:\/\/casafloria.com\/?page_id=907"},"modified":"2026-01-23T15:01:17","modified_gmt":"2026-01-23T15:01:17","slug":"elementor-907","status":"publish","type":"page","link":"https:\/\/casafloria.com\/?page_id=907&lang=es","title":{"rendered":"Nuestro equipo"},"content":{"rendered":"\t\t<div data-elementor-type=\"wp-page\" data-elementor-id=\"907\" class=\"elementor elementor-907\" data-elementor-post-type=\"page\">\n\t\t\t\t\t\t<section class=\"elementor-section elementor-top-section elementor-element elementor-element-0ed2c8c elementor-section-boxed elementor-section-height-default elementor-section-height-default\" data-id=\"0ed2c8c\" data-element_type=\"section\" data-e-type=\"section\">\n\t\t\t\t\t\t<div class=\"elementor-container elementor-column-gap-default\">\n\t\t\t\t\t<div class=\"elementor-column elementor-col-50 elementor-top-column elementor-element elementor-element-8e827b7\" data-id=\"8e827b7\" data-element_type=\"column\" data-e-type=\"column\">\n\t\t\t<div class=\"elementor-widget-wrap elementor-element-populated\">\n\t\t\t\t\t\t<div class=\"elementor-element elementor-element-834f115 elementor-widget elementor-widget-image\" data-id=\"834f115\" data-element_type=\"widget\" data-e-type=\"widget\" data-widget_type=\"image.default\">\n\t\t\t\t<div class=\"elementor-widget-container\">\n\t\t\t\t\t\t\t\t\t\t\t\t\t\t\t<img fetchpriority=\"high\" decoding=\"async\" width=\"768\" height=\"877\" src=\"https:\/\/casafloria.com\/wp-content\/uploads\/2022\/01\/Carolina-Montes-Profile-Pic-Web-768x877.jpg\" class=\"attachment-medium_large size-medium_large wp-image-585\" alt=\"\" srcset=\"https:\/\/casafloria.com\/wp-content\/uploads\/2022\/01\/Carolina-Montes-Profile-Pic-Web-768x877.jpg 768w, https:\/\/casafloria.com\/wp-content\/uploads\/2022\/01\/Carolina-Montes-Profile-Pic-Web-263x300.jpg 263w, https:\/\/casafloria.com\/wp-content\/uploads\/2022\/01\/Carolina-Montes-Profile-Pic-Web-897x1024.jpg 897w, https:\/\/casafloria.com\/wp-content\/uploads\/2022\/01\/Carolina-Montes-Profile-Pic-Web-1346x1536.jpg 1346w, https:\/\/casafloria.com\/wp-content\/uploads\/2022\/01\/Carolina-Montes-Profile-Pic-Web-1794x2048.jpg 1794w\" sizes=\"(max-width: 768px) 100vw, 768px\" \/>\t\t\t\t\t\t\t\t\t\t\t\t\t\t\t<\/div>\n\t\t\t\t<\/div>\n\t\t\t\t<section class=\"elementor-section elementor-inner-section elementor-element elementor-element-f7ab861 elementor-section-boxed elementor-section-height-default elementor-section-height-default\" data-id=\"f7ab861\" data-element_type=\"section\" data-e-type=\"section\">\n\t\t\t\t\t\t<div class=\"elementor-container elementor-column-gap-default\">\n\t\t\t\t\t<div class=\"elementor-column elementor-col-33 elementor-inner-column elementor-element elementor-element-e7e0352\" data-id=\"e7e0352\" data-element_type=\"column\" data-e-type=\"column\">\n\t\t\t<div class=\"elementor-widget-wrap\">\n\t\t\t\t\t\t\t<\/div>\n\t\t<\/div>\n\t\t\t\t<div class=\"elementor-column elementor-col-33 elementor-inner-column elementor-element elementor-element-31d6f84\" data-id=\"31d6f84\" data-element_type=\"column\" data-e-type=\"column\">\n\t\t\t<div class=\"elementor-widget-wrap elementor-element-populated\">\n\t\t\t\t\t\t<div class=\"elementor-element elementor-element-8df17eb elementor-widget elementor-widget-heading\" data-id=\"8df17eb\" data-element_type=\"widget\" data-e-type=\"widget\" data-widget_type=\"heading.default\">\n\t\t\t\t<div class=\"elementor-widget-container\">\n\t\t\t\t\t<h2 class=\"elementor-heading-title elementor-size-default\">Carolina Montes P\u00e9rez<\/h2>\t\t\t\t<\/div>\n\t\t\t\t<\/div>\n\t\t\t\t<div class=\"elementor-element elementor-element-66de5db elementor-widget elementor-widget-heading\" data-id=\"66de5db\" data-element_type=\"widget\" data-e-type=\"widget\" data-widget_type=\"heading.default\">\n\t\t\t\t<div class=\"elementor-widget-container\">\n\t\t\t\t\t<h2 class=\"elementor-heading-title elementor-size-default\">PRODUCT &amp; EVENT DESIGNER  | MBA<\/h2>\t\t\t\t<\/div>\n\t\t\t\t<\/div>\n\t\t\t\t<div class=\"elementor-element elementor-element-206b639 elementor-widget elementor-widget-text-editor\" data-id=\"206b639\" data-element_type=\"widget\" data-e-type=\"widget\" data-widget_type=\"text-editor.default\">\n\t\t\t\t<div class=\"elementor-widget-container\">\n\t\t\t\t\t\t\t\t\t<p style=\"color: #848484;\">Carolina es apasionada de las flores, el dise\u00f1o y el emprendimiento. Estudi\u00f3 dise\u00f1o de producto y administraci\u00f3n de empresas en Bogot\u00e1, Colombia y D\u00fcsseldorf, Alemania.&nbsp;<br><\/p>\n<p style=\"color: #848484;\">Le encanta sumergirse profundamente en su trabajo. Es una persona creativa, intuitiva y verdaderamente comprometida con el proceso de convertir la esencia de sus clientes en un concepto, producto o ambiente \u00fanico.&nbsp;<\/p>\n<p style=\"color: #848484;\">Carolina ama la administraci\u00f3n y el orden tanto como el dise\u00f1o, los moodboards y bocetos. Su misi\u00f3n consiste en combinar arte, mucha dedicaci\u00f3n y un toque de diversi\u00f3n para asegurar, una y otra vez, una experiencia sensorial exquisita.&nbsp;<\/p>\n<p style=\"color: #848484;\">Est\u00e1 decidida a hacer que la gente se enamore de su ciudad, Cartagena, Colombia.&nbsp;<\/p>\t\t\t\t\t\t\t\t<\/div>\n\t\t\t\t<\/div>\n\t\t\t\t<div class=\"elementor-element elementor-element-cf551d1 elementor-align-left elementor-widget elementor-widget-button\" data-id=\"cf551d1\" data-element_type=\"widget\" data-e-type=\"widget\" data-widget_type=\"button.default\">\n\t\t\t\t<div class=\"elementor-widget-container\">\n\t\t\t\t\t\t\t\t\t<div class=\"elementor-button-wrapper\">\n\t\t\t\t\t<a class=\"elementor-button elementor-button-link elementor-size-sm\" href=\"https:\/\/www.linkedin.com\/in\/carolina-montes-157a1954\/\">\n\t\t\t\t\t\t<span class=\"elementor-button-content-wrapper\">\n\t\t\t\t\t\t<span class=\"elementor-button-icon\">\n\t\t\t\t<i aria-hidden=\"true\" class=\"fab fa-linkedin\"><\/i>\t\t\t<\/span>\n\t\t\t\t\t\t\t\t\t<span class=\"elementor-button-text\">Follow me on Linkedin<\/span>\n\t\t\t\t\t<\/span>\n\t\t\t\t\t<\/a>\n\t\t\t\t<\/div>\n\t\t\t\t\t\t\t\t<\/div>\n\t\t\t\t<\/div>\n\t\t\t\t\t<\/div>\n\t\t<\/div>\n\t\t\t\t<div class=\"elementor-column elementor-col-33 elementor-inner-column elementor-element elementor-element-259a559\" data-id=\"259a559\" data-element_type=\"column\" data-e-type=\"column\">\n\t\t\t<div class=\"elementor-widget-wrap\">\n\t\t\t\t\t\t\t<\/div>\n\t\t<\/div>\n\t\t\t\t\t<\/div>\n\t\t<\/section>\n\t\t\t\t\t<\/div>\n\t\t<\/div>\n\t\t\t\t<div class=\"elementor-column elementor-col-50 elementor-top-column elementor-element elementor-element-7d903fd\" data-id=\"7d903fd\" data-element_type=\"column\" data-e-type=\"column\">\n\t\t\t<div class=\"elementor-widget-wrap elementor-element-populated\">\n\t\t\t\t\t\t<div class=\"elementor-element elementor-element-40a3418 elementor-widget elementor-widget-image\" data-id=\"40a3418\" data-element_type=\"widget\" data-e-type=\"widget\" data-widget_type=\"image.default\">\n\t\t\t\t<div class=\"elementor-widget-container\">\n\t\t\t\t\t\t\t\t\t\t\t\t\t\t\t<img decoding=\"async\" width=\"768\" height=\"877\" src=\"https:\/\/casafloria.com\/wp-content\/uploads\/2022\/01\/Carmen-Elena-Profile-Pic-Web-768x877.jpg\" class=\"attachment-medium_large size-medium_large wp-image-584\" alt=\"\" srcset=\"https:\/\/casafloria.com\/wp-content\/uploads\/2022\/01\/Carmen-Elena-Profile-Pic-Web-768x877.jpg 768w, https:\/\/casafloria.com\/wp-content\/uploads\/2022\/01\/Carmen-Elena-Profile-Pic-Web-263x300.jpg 263w, https:\/\/casafloria.com\/wp-content\/uploads\/2022\/01\/Carmen-Elena-Profile-Pic-Web-897x1024.jpg 897w, https:\/\/casafloria.com\/wp-content\/uploads\/2022\/01\/Carmen-Elena-Profile-Pic-Web-1346x1536.jpg 1346w, https:\/\/casafloria.com\/wp-content\/uploads\/2022\/01\/Carmen-Elena-Profile-Pic-Web-1794x2048.jpg 1794w\" sizes=\"(max-width: 768px) 100vw, 768px\" \/>\t\t\t\t\t\t\t\t\t\t\t\t\t\t\t<\/div>\n\t\t\t\t<\/div>\n\t\t\t\t<section class=\"elementor-section elementor-inner-section elementor-element elementor-element-2b00469 elementor-section-boxed elementor-section-height-default elementor-section-height-default\" data-id=\"2b00469\" data-element_type=\"section\" data-e-type=\"section\">\n\t\t\t\t\t\t<div class=\"elementor-container elementor-column-gap-default\">\n\t\t\t\t\t<div class=\"elementor-column elementor-col-33 elementor-inner-column elementor-element elementor-element-2625e42\" data-id=\"2625e42\" data-element_type=\"column\" data-e-type=\"column\">\n\t\t\t<div class=\"elementor-widget-wrap\">\n\t\t\t\t\t\t\t<\/div>\n\t\t<\/div>\n\t\t\t\t<div class=\"elementor-column elementor-col-33 elementor-inner-column elementor-element elementor-element-bd7ffc7\" data-id=\"bd7ffc7\" data-element_type=\"column\" data-e-type=\"column\">\n\t\t\t<div class=\"elementor-widget-wrap elementor-element-populated\">\n\t\t\t\t\t\t<div class=\"elementor-element elementor-element-c7cbcb9 elementor-widget elementor-widget-heading\" data-id=\"c7cbcb9\" data-element_type=\"widget\" data-e-type=\"widget\" data-widget_type=\"heading.default\">\n\t\t\t\t<div class=\"elementor-widget-container\">\n\t\t\t\t\t<h2 class=\"elementor-heading-title elementor-size-default\">Carmen Elena P\u00e9rez Matera<\/h2>\t\t\t\t<\/div>\n\t\t\t\t<\/div>\n\t\t\t\t<div class=\"elementor-element elementor-element-324707c elementor-widget elementor-widget-heading\" data-id=\"324707c\" data-element_type=\"widget\" data-e-type=\"widget\" data-widget_type=\"heading.default\">\n\t\t\t\t<div class=\"elementor-widget-container\">\n\t\t\t\t\t<h2 class=\"elementor-heading-title elementor-size-default\">INTERIOR &amp; EVENT DESIGNER<\/h2>\t\t\t\t<\/div>\n\t\t\t\t<\/div>\n\t\t\t\t<div class=\"elementor-element elementor-element-c3b322c elementor-widget elementor-widget-text-editor\" data-id=\"c3b322c\" data-element_type=\"widget\" data-e-type=\"widget\" data-widget_type=\"text-editor.default\">\n\t\t\t\t<div class=\"elementor-widget-container\">\n\t\t\t\t\t\t\t\t\t<p style=\"color: rgb(132, 132, 132);\">Por m\u00e1s de 20 a\u00f1os, Carmen Elena ha realizado instalaciones florales en la Costa Caribe. Estudi\u00f3 dise\u00f1o de interiores en Bogot\u00e1, Colombia y Buenos Aires, Argentina.&nbsp;<br><\/p><p style=\"color: rgb(132, 132, 132);\">Carmen Elena es un alma vibrante y generosa. Esto es evidente en su estilo de dise\u00f1o caracter\u00edstico, que consta de una amplia variedad de texturas, tonos de color, materiales y flores. Le apasiona su trabajo y, a lo largo de los a\u00f1os, ha logrado transmitir su energ\u00eda y experiencia a su equipo de floristas e instaladores.&nbsp;<\/p><p style=\"color: rgb(132, 132, 132);\">Desde fiestas en la playa, estilo boho, hasta cenas rom\u00e1nticas y elegantes, Carmen Elena ha decorado todo tipo de eventos. Su clientela de dise\u00f1o floral incluye Kenzo, Silvia Tcherassi, JP Morgan, el Banco Interamericano de Desarrollo y la Casa Real de Espa\u00f1a, entre muchos otros,&nbsp;<\/p>\t\t\t\t\t\t\t\t<\/div>\n\t\t\t\t<\/div>\n\t\t\t\t\t<\/div>\n\t\t<\/div>\n\t\t\t\t<div class=\"elementor-column elementor-col-33 elementor-inner-column elementor-element elementor-element-2f1a72b\" data-id=\"2f1a72b\" data-element_type=\"column\" data-e-type=\"column\">\n\t\t\t<div class=\"elementor-widget-wrap\">\n\t\t\t\t\t\t\t<\/div>\n\t\t<\/div>\n\t\t\t\t\t<\/div>\n\t\t<\/section>\n\t\t\t\t\t<\/div>\n\t\t<\/div>\n\t\t\t\t\t<\/div>\n\t\t<\/section>\n\t\t\t\t<\/div>\n\t\t","protected":false},"excerpt":{"rendered":"<p>Carolina Montes P\u00e9rez PRODUCT &amp; EVENT DESIGNER | MBA Carolina es apasionada de las flores, el dise\u00f1o y el emprendimiento. Estudi\u00f3 dise\u00f1o de producto y administraci\u00f3n de empresas en Bogot\u00e1, Colombia y D\u00fcsseldorf, Alemania.&nbsp; Le encanta sumergirse profundamente en su trabajo. Es una persona creativa, intuitiva y verdaderamente comprometida con el proceso de convertir la [&hellip;]<\/p>\n","protected":false},"author":2,"featured_media":0,"parent":0,"menu_order":0,"comment_status":"closed","ping_status":"closed","template":"","meta":{"inline_featured_image":false,"footnotes":""},"class_list":{"0":"post-907","1":"page","2":"type-page","3":"status-publish","4":"hentry","5":"","6":"blog-left-layout","7":"blog-style-postblock","9":"blog-alt-odd"},"_links":{"self":[{"href":"https:\/\/casafloria.com\/index.php?rest_route=\/wp\/v2\/pages\/907","targetHints":{"allow":["GET"]}}],"collection":[{"href":"https:\/\/casafloria.com\/index.php?rest_route=\/wp\/v2\/pages"}],"about":[{"href":"https:\/\/casafloria.com\/index.php?rest_route=\/wp\/v2\/types\/page"}],"author":[{"embeddable":true,"href":"https:\/\/casafloria.com\/index.php?rest_route=\/wp\/v2\/users\/2"}],"replies":[{"embeddable":true,"href":"https:\/\/casafloria.com\/index.php?rest_route=%2Fwp%2Fv2%2Fcomments&post=907"}],"version-history":[{"count":20,"href":"https:\/\/casafloria.com\/index.php?rest_route=\/wp\/v2\/pages\/907\/revisions"}],"predecessor-version":[{"id":1169,"href":"https:\/\/casafloria.com\/index.php?rest_route=\/wp\/v2\/pages\/907\/revisions\/1169"}],"wp:attachment":[{"href":"https:\/\/casafloria.com\/index.php?rest_route=%2Fwp%2Fv2%2Fmedia&parent=907"}],"curies":[{"name":"wp","href":"https:\/\/api.w.org\/{rel}","templated":true}]}}